{"id":343,"date":"2020-07-27T18:11:21","date_gmt":"2020-07-27T16:11:21","guid":{"rendered":"http:\/\/www.ec-engineering.cz:81\/wordpress\/?page_id=343"},"modified":"2025-09-04T08:27:31","modified_gmt":"2025-09-04T06:27:31","slug":"kontakt-2","status":"publish","type":"page","link":"http:\/\/www.ec-engineering.cz\/wordpress\/kontakt-2","title":{"rendered":"Kontakt"},"content":{"rendered":"[vc_row type=&#8220;full_width_content&#8220; full_screen_row_position=&#8220;middle&#8220; equal_height=&#8220;yes&#8220; column_margin=&#8220;default&#8220; scene_position=&#8220;center&#8220; text_color=&#8220;dark&#8220; text_align=&#8220;left&#8220; id=&#8220;kontakt&#8220; overlay_strength=&#8220;0.3&#8243; shape_divider_position=&#8220;bottom&#8220; bg_image_animation=&#8220;none&#8220; shape_type=&#8220;&#8220;][vc_column column_padding=&#8220;padding-3-percent&#8220; column_padding_position=&#8220;left&#8220; background_color_opacity=&#8220;1&#8243; background_hover_color_opacity=&#8220;1&#8243; column_link_target=&#8220;_self&#8220; column_shadow=&#8220;none&#8220; column_border_radius=&#8220;none&#8220; width=&#8220;1\/3&#8243; tablet_width_inherit=&#8220;default&#8220; tablet_text_alignment=&#8220;default&#8220; phone_text_alignment=&#8220;default&#8220; overlay_strength=&#8220;0.3&#8243; column_border_width=&#8220;none&#8220; column_border_style=&#8220;solid&#8220; bg_image_animation=&#8220;none&#8220;][vc_row_inner column_margin=&#8220;default&#8220; top_padding=&#8220;40&#8243; bottom_padding=&#8220;20&#8243; text_align=&#8220;left&#8220; css=&#8220;.vc_custom_1582833668797{padding-left: 20px !important;}&#8220;][vc_column_inner column_padding=&#8220;no-extra-padding&#8220; column_padding_position=&#8220;all&#8220; background_color_opacity=&#8220;1&#8243; background_hover_color_opacity=&#8220;1&#8243; column_shadow=&#8220;none&#8220; column_border_radius=&#8220;none&#8220; column_link_target=&#8220;_self&#8220; width=&#8220;1\/1&#8243; tablet_width_inherit=&#8220;default&#8220; overlay_strength=&#8220;0.3&#8243; column_border_width=&#8220;none&#8220; column_border_style=&#8220;solid&#8220; bg_image_animation=&#8220;none&#8220;][vc_column_text]\n<h4>EC Engineering s.r.o.<\/h4>\n<h5><\/h5>\n[\/vc_column_text][\/vc_column_inner][\/vc_row_inner][vc_row_inner content_placement=&#8220;middle&#8220; column_margin=&#8220;default&#8220; text_align=&#8220;left&#8220;][vc_column_inner column_padding=&#8220;no-extra-padding&#8220; column_padding_position=&#8220;all&#8220; background_color_opacity=&#8220;1&#8243; background_hover_color_opacity=&#8220;1&#8243; column_shadow=&#8220;none&#8220; column_border_radius=&#8220;none&#8220; column_link_target=&#8220;_self&#8220; width=&#8220;1\/5&#8243; tablet_width_inherit=&#8220;default&#8220; overlay_strength=&#8220;0.3&#8243; column_border_width=&#8220;none&#8220; column_border_style=&#8220;solid&#8220; bg_image_animation=&#8220;none&#8220;][nectar_icon icon_family=&#8220;iconsmind&#8220; icon_style=&#8220;default&#8220; icon_color=&#8220;Accent-Color&#8220; icon_padding=&#8220;20px&#8220; icon_iconsmind=&#8220;iconsmind-Office&#8220;][\/vc_column_inner][vc_column_inner column_padding=&#8220;no-extra-padding&#8220; column_padding_position=&#8220;all&#8220; background_color_opacity=&#8220;1&#8243; background_hover_color_opacity=&#8220;1&#8243; column_shadow=&#8220;none&#8220; column_border_radius=&#8220;none&#8220; column_link_target=&#8220;_self&#8220; width=&#8220;4\/5&#8243; tablet_width_inherit=&#8220;default&#8220; overlay_strength=&#8220;0.3&#8243; column_border_width=&#8220;none&#8220; column_border_style=&#8220;solid&#8220; bg_image_animation=&#8220;none&#8220;][vc_column_text css=&#8220;.vc_custom_1582830555724{padding-top: 20px !important;}&#8220;]\n<h5>Koll\u00e1rova 665<br \/>\n35301 Mari\u00e1nsk\u00e9 L\u00e1zn\u011b<\/h5>\n[\/vc_column_text][\/vc_column_inner][\/vc_row_inner][vc_row_inner column_margin=&#8220;default&#8220; text_align=&#8220;left&#8220;][vc_column_inner column_padding=&#8220;no-extra-padding&#8220; column_padding_position=&#8220;all&#8220; background_color_opacity=&#8220;1&#8243; background_hover_color_opacity=&#8220;1&#8243; column_shadow=&#8220;none&#8220; column_border_radius=&#8220;none&#8220; column_link_target=&#8220;_self&#8220; width=&#8220;1\/5&#8243; tablet_width_inherit=&#8220;default&#8220; overlay_strength=&#8220;0.3&#8243; column_border_width=&#8220;none&#8220; column_border_style=&#8220;solid&#8220; bg_image_animation=&#8220;none&#8220;][nectar_icon icon_family=&#8220;iconsmind&#8220; icon_style=&#8220;default&#8220; icon_color=&#8220;Accent-Color&#8220; icon_padding=&#8220;20px&#8220; icon_iconsmind=&#8220;iconsmind-Phone-2&#8243;][\/vc_column_inner][vc_column_inner column_padding=&#8220;no-extra-padding&#8220; column_padding_position=&#8220;all&#8220; background_color_opacity=&#8220;1&#8243; background_hover_color_opacity=&#8220;1&#8243; column_shadow=&#8220;none&#8220; column_border_radius=&#8220;none&#8220; column_link_target=&#8220;_self&#8220; width=&#8220;4\/5&#8243; tablet_width_inherit=&#8220;default&#8220; overlay_strength=&#8220;0.3&#8243; column_border_width=&#8220;none&#8220; column_border_style=&#8220;solid&#8220; bg_image_animation=&#8220;none&#8220;][vc_column_text css_animation=&#8220;none&#8220; css=&#8220;.vc_custom_1597253003652{padding-top: 20px !important;}&#8220;]\n<h4><span style=\"color: #313e7c;\">+420 737 236 070<\/span><\/h4>\n[\/vc_column_text][\/vc_column_inner][\/vc_row_inner][vc_row_inner column_margin=&#8220;default&#8220; text_align=&#8220;left&#8220;][vc_column_inner column_padding=&#8220;no-extra-padding&#8220; column_padding_position=&#8220;all&#8220; background_color_opacity=&#8220;1&#8243; background_hover_color_opacity=&#8220;1&#8243; column_shadow=&#8220;none&#8220; column_border_radius=&#8220;none&#8220; column_link_target=&#8220;_self&#8220; width=&#8220;1\/5&#8243; tablet_width_inherit=&#8220;default&#8220; overlay_strength=&#8220;0.3&#8243; column_border_width=&#8220;none&#8220; column_border_style=&#8220;solid&#8220; bg_image_animation=&#8220;none&#8220;][nectar_icon icon_family=&#8220;iconsmind&#8220; icon_style=&#8220;default&#8220; icon_color=&#8220;Accent-Color&#8220; icon_padding=&#8220;20px&#8220; icon_iconsmind=&#8220;iconsmind-Mail-withAtSign&#8220;][\/vc_column_inner][vc_column_inner column_padding=&#8220;no-extra-padding&#8220; column_padding_position=&#8220;all&#8220; background_color_opacity=&#8220;1&#8243; background_hover_color_opacity=&#8220;1&#8243; column_shadow=&#8220;none&#8220; column_border_radius=&#8220;none&#8220; column_link_target=&#8220;_self&#8220; width=&#8220;4\/5&#8243; tablet_width_inherit=&#8220;default&#8220; overlay_strength=&#8220;0.3&#8243; column_border_width=&#8220;none&#8220; column_border_style=&#8220;solid&#8220; bg_image_animation=&#8220;none&#8220;][vc_column_text css=&#8220;.vc_custom_1582830823251{padding-top: 20px !important;}&#8220;]\n<h4><a href=\"mailto:info@ec-engineering.cz\">info@ec-engineering.cz<\/a><\/h4>\n[\/vc_column_text][\/vc_column_inner][\/vc_row_inner][\/vc_column][vc_column column_padding=&#8220;no-extra-padding&#8220; column_padding_position=&#8220;all&#8220; background_color_opacity=&#8220;1&#8243; background_hover_color_opacity=&#8220;1&#8243; column_link_target=&#8220;_self&#8220; column_shadow=&#8220;none&#8220; column_border_radius=&#8220;none&#8220; width=&#8220;1\/3&#8243; tablet_width_inherit=&#8220;default&#8220; tablet_text_alignment=&#8220;default&#8220; phone_text_alignment=&#8220;default&#8220; overlay_strength=&#8220;0.3&#8243; column_border_width=&#8220;none&#8220; column_border_style=&#8220;solid&#8220; bg_image_animation=&#8220;none&#8220;][nectar_gmap map_type=&#8220;leaflet&#8220; zoom=&#8220;17&#8243; marker_style=&#8220;nectar&#8220; color=&#8220;extra-color-2&#8243; size=&#8220;565&#8243; map_center_lat=&#8220;49.9580689N&#8220; map_center_lng=&#8220;12.7028322E&#8220; map_markers=&#8220;49.9580689N|12.7028322E|Zde n\u00e1s najdete&#8220; marker_image_width=&#8220;50&#8243; marker_image_height=&#8220;50&#8243;][\/vc_column][vc_column column_padding=&#8220;no-extra-padding&#8220; column_padding_position=&#8220;all&#8220; background_color_opacity=&#8220;1&#8243; background_color_hover=&#8220;#1e639f&#8220; background_hover_color_opacity=&#8220;0.7&#8243; background_image=&#8220;216&#8243; enable_bg_scale=&#8220;true&#8220; font_color=&#8220;#ffffff&#8220; column_link_target=&#8220;_self&#8220; column_shadow=&#8220;none&#8220; column_border_radius=&#8220;none&#8220; width=&#8220;1\/3&#8243; tablet_width_inherit=&#8220;default&#8220; tablet_text_alignment=&#8220;default&#8220; phone_text_alignment=&#8220;default&#8220; color_overlay=&#8220;#1e639f&#8220; overlay_strength=&#8220;0.5&#8243; column_border_width=&#8220;none&#8220; column_border_style=&#8220;solid&#8220; bg_image_animation=&#8220;none&#8220;][vc_row_inner column_margin=&#8220;default&#8220; text_align=&#8220;left&#8220;][vc_column_inner column_padding=&#8220;no-extra-padding&#8220; column_padding_position=&#8220;all&#8220; background_color_opacity=&#8220;1&#8243; background_hover_color_opacity=&#8220;1&#8243; column_shadow=&#8220;none&#8220; column_border_radius=&#8220;none&#8220; column_link_target=&#8220;_self&#8220; width=&#8220;3\/4&#8243; tablet_width_inherit=&#8220;default&#8220; overlay_strength=&#8220;0.3&#8243; column_border_width=&#8220;none&#8220; column_border_style=&#8220;solid&#8220; bg_image_animation=&#8220;none&#8220;][vc_column_text css=&#8220;.vc_custom_1596648120504{margin-top: 390px !important;margin-left: 30px !important;}&#8220;]\n<h2><span style=\"color: #ffffff;\">Nav\u0161tivte n\u00e1s<\/span><\/h2>\n<p><span style=\"color: #ffffff;\">V s\u00eddle spole\u010dnosti uv\u00edt\u00e1me r\u00e1di ka\u017ed\u00e9ho, kdo si bude cht\u00edt na vlastn\u00ed o\u010di prohl\u00e9dnout na\u0161e z\u00e1zem\u00ed a ujistit se o seri\u00f3znosti na\u0161ich slu\u017eeb.<\/span>[\/vc_column_text][\/vc_column_inner][vc_column_inner column_padding=&#8220;no-extra-padding&#8220; column_padding_position=&#8220;all&#8220; background_color_opacity=&#8220;1&#8243; background_hover_color_opacity=&#8220;1&#8243; column_shadow=&#8220;none&#8220; column_border_radius=&#8220;none&#8220; column_link_target=&#8220;_self&#8220; width=&#8220;1\/4&#8243; tablet_width_inherit=&#8220;default&#8220; overlay_strength=&#8220;0.3&#8243; column_border_width=&#8220;none&#8220; column_border_style=&#8220;solid&#8220; bg_image_animation=&#8220;none&#8220;][\/vc_column_inner][\/vc_row_inner][\/vc_column][\/vc_row][vc_row type=&#8220;full_width_content&#8220; full_screen_row_position=&#8220;middle&#8220; column_margin=&#8220;default&#8220; scene_position=&#8220;center&#8220; text_color=&#8220;dark&#8220; text_align=&#8220;left&#8220; overlay_strength=&#8220;0.3&#8243; shape_divider_position=&#8220;bottom&#8220; bg_image_animation=&#8220;none&#8220; shape_type=&#8220;&#8220;][vc_column column_padding=&#8220;no-extra-padding&#8220; column_padding_position=&#8220;all&#8220; background_color_opacity=&#8220;1&#8243; background_hover_color_opacity=&#8220;1&#8243; column_link_target=&#8220;_self&#8220; column_shadow=&#8220;none&#8220; column_border_radius=&#8220;none&#8220; width=&#8220;1\/4&#8243; tablet_width_inherit=&#8220;default&#8220; tablet_text_alignment=&#8220;default&#8220; phone_text_alignment=&#8220;default&#8220; color_overlay=&#8220;rgba(10,10,10,0.45)&#8220; overlay_strength=&#8220;0.3&#8243; column_border_width=&#8220;none&#8220; column_border_style=&#8220;solid&#8220; bg_image_animation=&#8220;none&#8220;][fancy_box box_style=&#8220;hover_desc&#8220; icon_family=&#8220;iconsmind&#8220; hover_color=&#8220;accent-color&#8220; border_radius=&#8220;default&#8220; image_loading=&#8220;default&#8220; hover_content=&#8220;737 236 066<br \/>\npetr.kromer@ec-engineering.cz&#8220; css=&#8220;.vc_custom_1706460613333{padding-top: -50px !important;}&#8220; icon_iconsmind=&#8220;iconsmind-Management&#8220;]\n<h2><\/h2>\n<h2>Petr Kromer<\/h2>\n<h5>Jednatel spole\u010dnosti<\/h5>\n[\/fancy_box][fancy_box box_style=&#8220;hover_desc&#8220; icon_family=&#8220;iconsmind&#8220; hover_color=&#8220;accent-color&#8220; border_radius=&#8220;default&#8220; image_loading=&#8220;default&#8220; hover_content=&#8220;737 236 061<br \/>\nmiroslav.kakas@ec-engineering.cz&#8220; icon_iconsmind=&#8220;iconsmind-CPU&#8220;]\n<h2>Miroslav Kaka\u0161<\/h2>\n<h5>vedouc\u00ed technick\u00e9ho \u00faseku<\/h5>\n<h5>IT specialista<\/h5>\n[\/fancy_box][fancy_box box_style=&#8220;hover_desc&#8220; icon_family=&#8220;iconsmind&#8220; hover_color=&#8220;accent-color&#8220; border_radius=&#8220;default&#8220; image_loading=&#8220;default&#8220; hover_content=&#8220;737 236 070<br \/>\ntechnici@ec-engineering.cz&#8220; icon_iconsmind=&#8220;iconsmind-Worker&#8220;]\n<h2><\/h2>\n<h2>Milo\u0161 Toman<\/h2>\n<h5>extern\u00ed spolupracovn\u00edk technick\u00e9ho \u00faseku<\/h5>\n[\/fancy_box][\/vc_column][vc_column column_padding=&#8220;no-extra-padding&#8220; column_padding_position=&#8220;all&#8220; background_color_opacity=&#8220;1&#8243; background_hover_color_opacity=&#8220;1&#8243; column_link_target=&#8220;_self&#8220; column_shadow=&#8220;none&#8220; column_border_radius=&#8220;none&#8220; width=&#8220;1\/4&#8243; tablet_width_inherit=&#8220;default&#8220; tablet_text_alignment=&#8220;default&#8220; phone_text_alignment=&#8220;default&#8220; overlay_strength=&#8220;0.3&#8243; column_border_width=&#8220;none&#8220; column_border_style=&#8220;solid&#8220; bg_image_animation=&#8220;none&#8220;][fancy_box box_style=&#8220;hover_desc&#8220; icon_family=&#8220;iconsmind&#8220; hover_color=&#8220;accent-color&#8220; border_radius=&#8220;default&#8220; image_loading=&#8220;default&#8220; hover_content=&#8220;737 236 068<br \/>\npetra.svatova@ec-engineering.cz&#8220; icon_iconsmind=&#8220;iconsmind-Mail-Read&#8220;]\n<h2>Petra Sv\u00e1tov\u00e1<\/h2>\n<h5>Fakturace<\/h5>\n[\/fancy_box][fancy_box box_style=&#8220;hover_desc&#8220; icon_family=&#8220;iconsmind&#8220; hover_color=&#8220;accent-color&#8220; border_radius=&#8220;default&#8220; image_loading=&#8220;default&#8220; hover_content=&#8220;737 236 073<br \/>\njakub.chmel@ec-engineering.cz&#8220; icon_iconsmind=&#8220;iconsmind-Repair&#8220;]\n<h2>Jakub Chmel<\/h2>\n<h5>technik CCTV, PZTS<\/h5>\n[\/fancy_box][fancy_box box_style=&#8220;hover_desc&#8220; icon_family=&#8220;iconsmind&#8220; hover_color=&#8220;accent-color&#8220; border_radius=&#8220;default&#8220; image_loading=&#8220;default&#8220; hover_content=&#8220;737 236 070<br \/>\ntechnici@ec-engineering.cz&#8220; icon_iconsmind=&#8220;iconsmind-Phone&#8220;]\n<h2><\/h2>\n<h2>Petr Bena<\/h2>\n<h5>extern\u00ed spolupracovn\u00edk technick\u00e9ho \u00faseku<\/h5>\n[\/fancy_box][\/vc_column][vc_column column_padding=&#8220;no-extra-padding&#8220; column_padding_position=&#8220;all&#8220; background_color_opacity=&#8220;1&#8243; background_hover_color_opacity=&#8220;1&#8243; column_link_target=&#8220;_self&#8220; column_shadow=&#8220;none&#8220; column_border_radius=&#8220;none&#8220; width=&#8220;1\/4&#8243; tablet_width_inherit=&#8220;default&#8220; tablet_text_alignment=&#8220;default&#8220; phone_text_alignment=&#8220;default&#8220; overlay_strength=&#8220;0.3&#8243; column_border_width=&#8220;none&#8220; column_border_style=&#8220;solid&#8220; bg_image_animation=&#8220;none&#8220;][fancy_box box_style=&#8220;hover_desc&#8220; icon_family=&#8220;iconsmind&#8220; hover_color=&#8220;accent-color&#8220; border_radius=&#8220;default&#8220; image_loading=&#8220;default&#8220; hover_content=&#8220;737 236 063<br \/>\njana.pfefferova@ec-engineering.cz&#8220; css=&#8220;.vc_custom_1706461648363{margin-top: px !important;}&#8220; icon_iconsmind=&#8220;iconsmind-Business-Woman&#8220;]\n<h2>Jana Pfefferov\u00e1<\/h2>\n<h5>Personalista<\/h5>\n[\/fancy_box][fancy_box box_style=&#8220;hover_desc&#8220; icon_family=&#8220;iconsmind&#8220; hover_color=&#8220;accent-color&#8220; border_radius=&#8220;default&#8220; image_loading=&#8220;default&#8220; hover_content=&#8220;739 048 570<br \/>\ndavid.horvath@ec-engineering.cz&#8220; icon_iconsmind=&#8220;iconsmind-Security-Check&#8220;]\n<h2>David Horv\u00e1th<\/h2>\n<h5>junior technik CCTV, PZTS<\/h5>\n[\/fancy_box][fancy_box box_style=&#8220;hover_desc&#8220; icon_family=&#8220;iconsmind&#8220; hover_color=&#8220;accent-color&#8220; border_radius=&#8220;default&#8220; image_loading=&#8220;default&#8220; hover_content=&#8220;737 236 070<br \/>\ntechnici@ec-engineering.cz&#8220; icon_iconsmind=&#8220;iconsmind-Car-3&#8243;]\n<h2>Petr Kv\u00ed\u010dala<\/h2>\n<h5>extern\u00ed spolupracovn\u00edk technick\u00e9ho \u00faseku<\/h5>\n[\/fancy_box][\/vc_column][vc_column column_padding=&#8220;no-extra-padding&#8220; column_padding_position=&#8220;all&#8220; background_color_opacity=&#8220;1&#8243; background_hover_color_opacity=&#8220;1&#8243; column_link_target=&#8220;_self&#8220; column_shadow=&#8220;none&#8220; column_border_radius=&#8220;none&#8220; width=&#8220;1\/4&#8243; tablet_width_inherit=&#8220;default&#8220; tablet_text_alignment=&#8220;default&#8220; phone_text_alignment=&#8220;default&#8220; color_overlay=&#8220;rgba(10,10,10,0.45)&#8220; overlay_strength=&#8220;0.3&#8243; column_border_width=&#8220;none&#8220; column_border_style=&#8220;solid&#8220; bg_image_animation=&#8220;none&#8220;][fancy_box box_style=&#8220;hover_desc&#8220; icon_family=&#8220;iconsmind&#8220; hover_color=&#8220;accent-color&#8220; border_radius=&#8220;default&#8220; image_loading=&#8220;default&#8220; enable_animation=&#8220;true&#8220; animation=&#8220;none&#8220; hover_content=&#8220;737 236 070&#8243; icon_iconsmind=&#8220;iconsmind-Police-Man&#8220;]\n<h2><\/h2>\n<h2>dispe\u010dink PCO|ARC<\/h2>\n<h5>24 hodin<\/h5>\n[\/fancy_box][fancy_box box_style=&#8220;hover_desc&#8220; icon_family=&#8220;iconsmind&#8220; hover_color=&#8220;accent-color&#8220; border_radius=&#8220;default&#8220; image_loading=&#8220;default&#8220; hover_content=&#8220;737 236 066<br \/>\npetr.kromer@ec-engineering.cz&#8220; icon_iconsmind=&#8220;iconsmind-Handshake&#8220;]\n<h2>Obchodn\u00ed odd\u011blen\u00ed<\/h2>\n<h5><\/h5>\n[\/fancy_box][\/vc_column][\/vc_row]\n","protected":false},"excerpt":{"rendered":"<p>[vc_row type=&#8220;full_width_content&#8220; full_screen_row_position=&#8220;middle&#8220; equal_height=&#8220;yes&#8220; column_margin=&#8220;default&#8220; scene_position=&#8220;center&#8220; text_color=&#8220;dark&#8220; text_align=&#8220;left&#8220; id=&#8220;kontakt&#8220; overlay_strength=&#8220;0.3&#8243; shape_divider_position=&#8220;bottom&#8220; bg_image_animation=&#8220;none&#8220; shape_type=&#8220;&#8220;][vc_column column_padding=&#8220;padding-3-percent&#8220; column_padding_position=&#8220;left&#8220; background_color_opacity=&#8220;1&#8243; background_hover_color_opacity=&#8220;1&#8243; column_link_target=&#8220;_self&#8220; column_shadow=&#8220;none&#8220; column_border_radius=&#8220;none&#8220; width=&#8220;1\/3&#8243; tablet_width_inherit=&#8220;default&#8220; tablet_text_alignment=&#8220;default&#8220; phone_text_alignment=&#8220;default&#8220; overlay_strength=&#8220;0.3&#8243; column_border_width=&#8220;none&#8220; column_border_style=&#8220;solid&#8220; bg_image_animation=&#8220;none&#8220;][vc_row_inner column_margin=&#8220;default&#8220; top_padding=&#8220;40&#8243;&#8230;<\/p>\n","protected":false},"author":1,"featured_media":0,"parent":0,"menu_order":0,"comment_status":"closed","ping_status":"closed","template":"","meta":{"footnotes":""},"class_list":["post-343","page","type-page","status-publish"],"_links":{"self":[{"href":"http:\/\/www.ec-engineering.cz\/wordpress\/wp-json\/wp\/v2\/pages\/343","targetHints":{"allow":["GET"]}}],"collection":[{"href":"http:\/\/www.ec-engineering.cz\/wordpress\/wp-json\/wp\/v2\/pages"}],"about":[{"href":"http:\/\/www.ec-engineering.cz\/wordpress\/wp-json\/wp\/v2\/types\/page"}],"author":[{"embeddable":true,"href":"http:\/\/www.ec-engineering.cz\/wordpress\/wp-json\/wp\/v2\/users\/1"}],"replies":[{"embeddable":true,"href":"http:\/\/www.ec-engineering.cz\/wordpress\/wp-json\/wp\/v2\/comments?post=343"}],"version-history":[{"count":32,"href":"http:\/\/www.ec-engineering.cz\/wordpress\/wp-json\/wp\/v2\/pages\/343\/revisions"}],"predecessor-version":[{"id":456,"href":"http:\/\/www.ec-engineering.cz\/wordpress\/wp-json\/wp\/v2\/pages\/343\/revisions\/456"}],"wp:attachment":[{"href":"http:\/\/www.ec-engineering.cz\/wordpress\/wp-json\/wp\/v2\/media?parent=343"}],"curies":[{"name":"wp","href":"https:\/\/api.w.org\/{rel}","templated":true}]}}